{"id":66,"date":"2010-06-30T18:37:08","date_gmt":"2010-06-30T17:37:08","guid":{"rendered":"http:\/\/djk-asterstein.de\/?page_id=66"},"modified":"2025-03-28T10:19:39","modified_gmt":"2025-03-28T09:19:39","slug":"turnen-2","status":"publish","type":"page","link":"https:\/\/djk-asterstein.de\/?page_id=66","title":{"rendered":"Eltern-Kind-Turnen"},"content":{"rendered":"<p>&nbsp;<\/p>\n<p><strong>Eltern-Kind-Turnen<\/strong><\/p>\n<p>&nbsp;<\/p>\n<p>Beim Eltern-Kind-Turnen montags von 15:30 bis 17:30 Uhr sind l\u00e4ngst nicht mehr \u201enur\u201c M\u00fctter mit ihren Kindern aktiv. Immer mehr V\u00e4ter und zum Teil auch Omas turnen zusammen mit den 1- bis 4-J\u00e4hrigen.<\/p>\n<p>Zu Beginn der Stunde w\u00e4rmen sich die Teilnehmer meist durch Fingerspiele, kleine Laufspiele mit B\u00e4llen, Reifen, Seilen oder Teppichfliesen auf. Zusammen mit den Eltern werden dann Ger\u00e4telandschaften aus K\u00e4sten, Schwebebalken, B\u00e4nken, Trampolins, Sprungbrettern, Ringen, Matten u.a. aufgebaut. Die Kinder erlernen spielerisch das Klettern, Balancieren und H\u00fcpfen sowie den Umgang mit Gro\u00dfger\u00e4ten. Au\u00dferdem kn\u00fcpfen die \u201eKleinen\u201c erste Kontakte und lernen, sich in die Gruppe einzuf\u00fcgen. Mit den unterschiedlichen Materialien k\u00f6nnen sie ausprobieren, entdecken, \u00c4ngste abbauen und ihre Bewegungsf\u00e4higkeit erweitern.<\/p>\n<p>Die Stunde endet immer mit dem \u201eEselchen und Teddyb\u00e4r\u201c, bei dem alle mit Freude mittanzen.<\/p>\n<p><strong>\u00dcbungsleiterin:<\/strong> Heidi Roll, Tel. 0261 \/ 71979<\/p>\n","protected":false},"excerpt":{"rendered":"<p>&nbsp; Eltern-Kind-Turnen &nbsp; Beim Eltern-Kind-Turnen montags von 15:30 bis 17:30 Uhr sind l\u00e4ngst nicht mehr \u201enur\u201c M\u00fctter mit ihren Kindern aktiv. Immer mehr V\u00e4ter und zum Teil auch Omas turnen zusammen mit den 1- bis 4-J\u00e4hrigen. Zu Beginn der Stunde w\u00e4rmen sich die Teilnehmer meist durch Fingerspiele, kleine Laufspiele mit B\u00e4llen, Reifen, Seilen oder Teppichfliesen &hellip; <a href=\"https:\/\/djk-asterstein.de\/?page_id=66\" class=\"more-link\"><span class=\"screen-reader-text\">Eltern-Kind-Turnen<\/span> weiterlesen <span class=\"meta-nav\">&rarr;<\/span><\/a><\/p>\n","protected":false},"author":2,"featured_media":0,"parent":21,"menu_order":0,"comment_status":"closed","ping_status":"open","template":"","meta":{"ngg_post_thumbnail":0,"footnotes":""},"class_list":["post-66","page","type-page","status-publish","hentry"],"_links":{"self":[{"href":"https:\/\/djk-asterstein.de\/index.php?rest_route=\/wp\/v2\/pages\/66","targetHints":{"allow":["GET"]}}],"collection":[{"href":"https:\/\/djk-asterstein.de\/index.php?rest_route=\/wp\/v2\/pages"}],"about":[{"href":"https:\/\/djk-asterstein.de\/index.php?rest_route=\/wp\/v2\/types\/page"}],"author":[{"embeddable":true,"href":"https:\/\/djk-asterstein.de\/index.php?rest_route=\/wp\/v2\/users\/2"}],"replies":[{"embeddable":true,"href":"https:\/\/djk-asterstein.de\/index.php?rest_route=%2Fwp%2Fv2%2Fcomments&post=66"}],"version-history":[{"count":8,"href":"https:\/\/djk-asterstein.de\/index.php?rest_route=\/wp\/v2\/pages\/66\/revisions"}],"predecessor-version":[{"id":2346,"href":"https:\/\/djk-asterstein.de\/index.php?rest_route=\/wp\/v2\/pages\/66\/revisions\/2346"}],"up":[{"embeddable":true,"href":"https:\/\/djk-asterstein.de\/index.php?rest_route=\/wp\/v2\/pages\/21"}],"wp:attachment":[{"href":"https:\/\/djk-asterstein.de\/index.php?rest_route=%2Fwp%2Fv2%2Fmedia&parent=66"}],"curies":[{"name":"wp","href":"https:\/\/api.w.org\/{rel}","templated":true}]}}