{"id":27,"date":"2010-06-19T13:15:57","date_gmt":"2010-06-19T12:15:57","guid":{"rendered":"http:\/\/djk-asterstein.de\/?page_id=27"},"modified":"2026-01-13T15:31:49","modified_gmt":"2026-01-13T14:31:49","slug":"turnen","status":"publish","type":"page","link":"https:\/\/djk-asterstein.de\/?page_id=27","title":{"rendered":"Kinderturnen"},"content":{"rendered":"<p>Hier trainieren Kinder im Alter von 4-6 Jahren. Es wird versucht, Bewegungsfertigkeiten wie Springen, Gehen Rollen und Werfen anzubahnen und zu vertiefen. Die Kinder sollen spielerisch Bewegungserfahrung sammeln mit dem Ball, dem Reifen, dem Stab oder dem Springseil. Aber auch die Geschicklichkeit wird gef\u00f6rdert wie zum Beispiel beim Balancieren auf der umgedrehten Bank oder beim Aufrollen auf einen Kastendeckel. Oftmals werden Stationen aufgebaut, da der \u00dcbungsleiter die Ausf\u00fchrung der \u00dcbungen in kleineren Gruppen besser beobachten und korrigieren kann. Auch sollen die Kinder lernen, in einer Reihe zu warten bis sie wieder am \u00dcben sind.<\/p>\n<p>Damit auch der Spa\u00df und der Bewegungsdrang nicht zu kurz kommen, beginnt unsere Stunde mit einem gemeinsamen Spiel. Im Vordergrund unserer Bem\u00fchungen steht, den Kindern Freude an der Bewegung zu vermitteln und sie zu motivieren, nach 2-3 Jahren weiterf\u00fchrende Sportarten wie Leichtathletik, Tischtennis, Turnen oder Ballsportarten zu betreiben.<\/p>\n<p>Die erreichte Bewegungsstabilit\u00e4t bereitet auch auf die Anforderungen des Sports in der Grundschule vor.<\/p>\n<p><strong>\u00dcbungsleiterin:<\/strong> Heidi Roll 0261 \/ 71979 und Catarina Paul<\/p>\n<h1>Kinder-Ger\u00e4teturnen<\/h1>\n<p>F\u00fcr Kinder ab 1. Schuljahr ist das Ger\u00e4teturnen f\u00fcr M\u00e4dchen und Jungen bestens geeignet. Trainiert wird freitags von 15.30 bis 17.00 Uhr in der Sporthalle des Gymnasiums auf dem Asterstein. Dort stehen die neusten Ger\u00e4te zur Verf\u00fcgung.<\/p>\n<p><strong>\u00dcbungsleiterin:<\/strong> Kristin B\u00e4hner, Tel. 0176 &#8211; 5644 2731<\/p>\n","protected":false},"excerpt":{"rendered":"<p>Hier trainieren Kinder im Alter von 4-6 Jahren. Es wird versucht, Bewegungsfertigkeiten wie Springen, Gehen Rollen und Werfen anzubahnen und zu vertiefen. Die Kinder sollen spielerisch Bewegungserfahrung sammeln mit dem Ball, dem Reifen, dem Stab oder dem Springseil. Aber auch die Geschicklichkeit wird gef\u00f6rdert wie zum Beispiel beim Balancieren auf der umgedrehten Bank oder beim &hellip; <a href=\"https:\/\/djk-asterstein.de\/?page_id=27\" class=\"more-link\"><span class=\"screen-reader-text\">Kinderturnen<\/span> weiterlesen <span class=\"meta-nav\">&rarr;<\/span><\/a><\/p>\n","protected":false},"author":2,"featured_media":0,"parent":21,"menu_order":0,"comment_status":"closed","ping_status":"open","template":"","meta":{"ngg_post_thumbnail":0,"footnotes":""},"class_list":["post-27","page","type-page","status-publish","hentry"],"_links":{"self":[{"href":"https:\/\/djk-asterstein.de\/index.php?rest_route=\/wp\/v2\/pages\/27","targetHints":{"allow":["GET"]}}],"collection":[{"href":"https:\/\/djk-asterstein.de\/index.php?rest_route=\/wp\/v2\/pages"}],"about":[{"href":"https:\/\/djk-asterstein.de\/index.php?rest_route=\/wp\/v2\/types\/page"}],"author":[{"embeddable":true,"href":"https:\/\/djk-asterstein.de\/index.php?rest_route=\/wp\/v2\/users\/2"}],"replies":[{"embeddable":true,"href":"https:\/\/djk-asterstein.de\/index.php?rest_route=%2Fwp%2Fv2%2Fcomments&post=27"}],"version-history":[{"count":16,"href":"https:\/\/djk-asterstein.de\/index.php?rest_route=\/wp\/v2\/pages\/27\/revisions"}],"predecessor-version":[{"id":2370,"href":"https:\/\/djk-asterstein.de\/index.php?rest_route=\/wp\/v2\/pages\/27\/revisions\/2370"}],"up":[{"embeddable":true,"href":"https:\/\/djk-asterstein.de\/index.php?rest_route=\/wp\/v2\/pages\/21"}],"wp:attachment":[{"href":"https:\/\/djk-asterstein.de\/index.php?rest_route=%2Fwp%2Fv2%2Fmedia&parent=27"}],"curies":[{"name":"wp","href":"https:\/\/api.w.org\/{rel}","templated":true}]}}