{"id":20,"date":"2010-06-19T13:04:13","date_gmt":"2010-06-19T12:04:13","guid":{"rendered":"http:\/\/djk-asterstein.de\/?page_id=20"},"modified":"2026-04-22T11:41:38","modified_gmt":"2026-04-22T10:41:38","slug":"aktuelles","status":"publish","type":"page","link":"https:\/\/djk-asterstein.de\/","title":{"rendered":"Willkommen!"},"content":{"rendered":"\n<p class=\"has-medium-font-size\">Herzlich Willkommen bei der DJK Blau-Wei\u00df Asterstein e.V.<\/p>\n\n\n\n<p><strong>Sport im Verein&#8230; bewegt<\/strong><\/p>\n\n\n\n<p class=\"has-medium-font-size\"><\/p>\n\n\n\n<p class=\"has-medium-font-size\"><\/p>\n\n\n\n<h4 class=\"wp-block-heading\"><strong>Kinderschwimmen <\/strong>( Kinder ab 5 Jahre)<\/h4>\n\n\n\n<p>Anf\u00e4nger und Fortgeschrittene k\u00f6nnen hier Schwimmen lernen oder verbessern. Geplant ist, die Kinder zu \u201eSeepferdchen\u201c, und&nbsp; \u201eBronze\u201c und zu f\u00fchren. Die Termine entnehmen Sie bitte dem \u00dcbungsstundenplan.&nbsp; Anmeldungen nehmen wir jederzeit entgegen. Der neue Kurs beginnt Anfang April 2026. <\/p>\n\n\n\n<p><strong>Anmeldugen bitte per Mail an: info@djk-asterstein.de<\/strong><\/p>\n\n\n\n<p><\/p>\n\n\n\n<p><strong>\u00dcbungsleiterin:&nbsp;<\/strong>Sigrid Meuer&nbsp;&nbsp;&nbsp;&nbsp;&nbsp;&nbsp;&nbsp;&nbsp;&nbsp;&nbsp;&nbsp;&nbsp;&nbsp;&nbsp;&nbsp;&nbsp;&nbsp;&nbsp;&nbsp;&nbsp;&nbsp;&nbsp;&nbsp;&nbsp;&nbsp;&nbsp;&nbsp;&nbsp;&nbsp;&nbsp;&nbsp;&nbsp;&nbsp;&nbsp;&nbsp;&nbsp;&nbsp;&nbsp;&nbsp;&nbsp;&nbsp;&nbsp;&nbsp;&nbsp;&nbsp; Koblenz, 21.02.2026<\/p>\n\n\n\n<p><\/p>\n\n\n\n<p><\/p>\n\n\n\n<p><\/p>\n\n\n\n<p><\/p>\n\n\n\n<p><\/p>\n\n\n\n<p class=\"has-white-background-color has-background\"><\/p>\n\n\n\n<div class=\"wp-block-media-text alignwide is-stacked-on-mobile\"><figure class=\"wp-block-media-text__media\"><\/figure><div class=\"wp-block-media-text__content\">\n<p><\/p>\n<\/div><\/div>\n","protected":false},"excerpt":{"rendered":"<p>Herzlich Willkommen bei der DJK Blau-Wei\u00df Asterstein e.V. Sport im Verein&#8230; bewegt Kinderschwimmen ( Kinder ab 5 Jahre) Anf\u00e4nger und Fortgeschrittene k\u00f6nnen hier Schwimmen lernen oder verbessern. Geplant ist, die Kinder zu \u201eSeepferdchen\u201c, und&nbsp; \u201eBronze\u201c und zu f\u00fchren. Die Termine entnehmen Sie bitte dem \u00dcbungsstundenplan.&nbsp; Anmeldungen nehmen wir jederzeit entgegen. Der neue Kurs beginnt Anfang &hellip; <a href=\"https:\/\/djk-asterstein.de\/\" class=\"more-link\"><span class=\"screen-reader-text\">Willkommen!<\/span> weiterlesen <span class=\"meta-nav\">&rarr;<\/span><\/a><\/p>\n","protected":false},"author":29,"featured_media":0,"parent":0,"menu_order":-1,"comment_status":"closed","ping_status":"open","template":"","meta":{"ngg_post_thumbnail":0,"footnotes":""},"class_list":["post-20","page","type-page","status-publish","hentry"],"_links":{"self":[{"href":"https:\/\/djk-asterstein.de\/index.php?rest_route=\/wp\/v2\/pages\/20","targetHints":{"allow":["GET"]}}],"collection":[{"href":"https:\/\/djk-asterstein.de\/index.php?rest_route=\/wp\/v2\/pages"}],"about":[{"href":"https:\/\/djk-asterstein.de\/index.php?rest_route=\/wp\/v2\/types\/page"}],"author":[{"embeddable":true,"href":"https:\/\/djk-asterstein.de\/index.php?rest_route=\/wp\/v2\/users\/29"}],"replies":[{"embeddable":true,"href":"https:\/\/djk-asterstein.de\/index.php?rest_route=%2Fwp%2Fv2%2Fcomments&post=20"}],"version-history":[{"count":129,"href":"https:\/\/djk-asterstein.de\/index.php?rest_route=\/wp\/v2\/pages\/20\/revisions"}],"predecessor-version":[{"id":2400,"href":"https:\/\/djk-asterstein.de\/index.php?rest_route=\/wp\/v2\/pages\/20\/revisions\/2400"}],"wp:attachment":[{"href":"https:\/\/djk-asterstein.de\/index.php?rest_route=%2Fwp%2Fv2%2Fmedia&parent=20"}],"curies":[{"name":"wp","href":"https:\/\/api.w.org\/{rel}","templated":true}]}}