{"id":17,"date":"2010-06-19T13:02:17","date_gmt":"2010-06-19T12:02:17","guid":{"rendered":"http:\/\/djk-asterstein.de\/?page_id=17"},"modified":"2022-07-11T15:25:45","modified_gmt":"2022-07-11T14:25:45","slug":"chronik","status":"publish","type":"page","link":"https:\/\/djk-asterstein.de\/?page_id=17","title":{"rendered":"Chronik"},"content":{"rendered":"<p style=\"text-align: left;\"><strong>Miteinander \u2013 F\u00fcreinander<\/strong><\/p>\n<p style=\"text-align: left;\"><strong><!--more--><\/strong><\/p>\n<p>Die Deutsche Jugendkraft Blau-Weiss Asterstein e.V. (DJK) wurde am 21. April 1958 durch die Initiative des Herrn Pastor Lorang, dem Kirchenbauer, unter dem Motto \u201eSport \u2013 Gemeinschaft \u2013 Gesundheit\u201c als ein zun\u00e4chst aus dem Verband f\u00fcr Sportpflege in katholischer Gemeinschaft hervorgegangener rein katholischer Sportverein gegr\u00fcndet.&nbsp;Sportangebote zu dieser Zeit waren Fu\u00dfball, Tischtennis, Kegeln; in den Folgejahren Leichtathletik, Gymnastik, Schach, Turnen.&nbsp;Aus bescheidenen Anf\u00e4ngen wurde mit den Jahren eine recht gro\u00dfe Gemeinschaft, in der mittlerweile \u00fcber 400 Mitglieder Sport treiben.<\/p>\n<p>So findet bereits seit \u00fcber einem Jahrzehnt ein j\u00e4hrlicher Crosslauf im Bienhorntal \u00fcber verschiedene Distanzen statt, an dem alle Altersklassen und Vereine teilnehmen k\u00f6nnen.&nbsp;Auf der Bezirkssportanlage fand j\u00e4hrlich das Gaubergfest (\u201eHammerfest\u201c) statt.&nbsp;Auch bei Veranstaltungen in den Ortsringen Pfaffendorf und Asterstein war die DJK stets pr\u00e4sent.&nbsp;Der Breitensport hat in den einzelnen Neigungsgruppen Aktivit\u00e4ten entwickelt, die l\u00e4ngst &#8211; vor allem im Bereich der Sch\u00fclerinnen und Sch\u00fcler &#8211; &nbsp;zu Leistungsgruppen gef\u00fchrt haben, die \u00fcber\u00f6rtlich Anerkennung finden.&nbsp;Mit dem Ziel, das sich die DJK Asterstein bei ihrer Gr\u00fcndung gestellt hatte, allen B\u00fcrgern auf dem Asterstein ein sinnvolles Freizeitangebot zu bieten, wurde bis heute eine sch\u00f6ne Aufgabe und Hilfe an den Mitgliedern, und dieses Motto hat nichts von seiner G\u00fcltigkeit verloren.&nbsp;Nicht nur der Sport, sondern auch die Begegnung mit den Mitmenschen, die Kontakte innerhalb der Gruppen und die Beziehungen des Vereins zu allen B\u00fcrgern stehen im Vordergrund der Vereinsarbeit.&nbsp;Die sportliche Palette der DJK:&nbsp; Faustball, Fitness f\u00fcr Frauen, Gymnastik Frauen, Kinderturnen, Leichtathletik, Mutter-Kind-Turnen, Seniorengymnastik, Schwimmen, T\u00e4nzerische Gymnastik M\u00e4dchen, Tennis, Tischtennis, Walking, Wandern. Diese Angebote bieten sicherlich f\u00fcr alle Interessierten gen\u00fcgend M\u00f6glichkeiten, sich unter Anleitung erfahrener \u00dcbungsleiterinnen und \u00dcbungsleiter aktiv zu bet\u00e4tigen.<\/p>\n<p>Die DJK hofft, dass recht viele Astersteiner und auch Nichtastersteiner ihre Liebe zum Sport und zur Pflege ihrer Gesundheit entdecken oder wiederentdecken und in eine der ihrer Neigung entsprechende \u00dcbungsstunde \u201ehineinschnuppern\u201c.<\/p>\n<p><strong>Mitbegr\u00fcnder der DJK Blau-Wei\u00df Asterstein:<\/strong><\/p>\n<p><strong><!--more--><\/strong><\/p>\n<p>Herr Werner Iland, Herr H\u00fcrter, Eheleute Kauth, Herr Kilzer,<\/p>\n<p>Herr Krisam, Herr Lorenz, Herr Pr\u00f6bstl, Herr Rheinst\u00e4ttler, Herr Schulz<\/p>\n<p><strong>1. Vorsitzende der DJK Blau-Wei\u00df Asterstein:<\/strong><\/p>\n<p><strong><!--more--><\/strong><\/p>\n<p>06\/1964 &#8211; 12\/1971&nbsp;&nbsp; &nbsp;&nbsp; Karl Krisam<\/p>\n<p>12\/1971 \u2013 12\/1977&nbsp;&nbsp;&nbsp;&nbsp; Gerhard Schulz<\/p>\n<p>12\/1977 \u2013&nbsp; 03\/1980&nbsp;&nbsp;&nbsp; Karl-Heinz Hammer<\/p>\n<p>03\/1980 \u2013&nbsp; 03\/1988&nbsp;&nbsp;&nbsp; Werner Putzke<\/p>\n<p>03\/1988 &nbsp;\u2013 05\/1994&nbsp;&nbsp;&nbsp; Karl-Maria Brunke<\/p>\n<p>05\/1994 &nbsp;\u2013 06\/2002 &nbsp; &nbsp;Wolfgang Olbrich<\/p>\n<p>06\/2002 &nbsp;\u2013 05\/2006&nbsp;&nbsp;&nbsp; Karl-Heinz Hammer<\/p>\n<p>05\/2006 &nbsp;\u2013 &nbsp;05\/2010&nbsp;&nbsp; Klaus-Peter Engel<\/p>\n<p>05\/2010&nbsp; &#8211;&nbsp; 06\/2022 &nbsp; Heinz Dieter K\u00fcnneke<\/p>\n<p>07\/2022 &#8211;&nbsp;&nbsp;&nbsp;&nbsp;&nbsp;&nbsp;&nbsp;&nbsp;&nbsp;&nbsp;&nbsp;&nbsp;&nbsp;&nbsp;&nbsp;&nbsp;&nbsp;&nbsp;&nbsp;&nbsp;&nbsp;&nbsp; Michael Schmidt<\/p>\n","protected":false},"excerpt":{"rendered":"<p>Miteinander \u2013 F\u00fcreinander<\/p>\n","protected":false},"author":2,"featured_media":0,"parent":0,"menu_order":2,"comment_status":"closed","ping_status":"open","template":"","meta":{"ngg_post_thumbnail":0,"footnotes":""},"class_list":["post-17","page","type-page","status-publish","hentry"],"_links":{"self":[{"href":"https:\/\/djk-asterstein.de\/index.php?rest_route=\/wp\/v2\/pages\/17","targetHints":{"allow":["GET"]}}],"collection":[{"href":"https:\/\/djk-asterstein.de\/index.php?rest_route=\/wp\/v2\/pages"}],"about":[{"href":"https:\/\/djk-asterstein.de\/index.php?rest_route=\/wp\/v2\/types\/page"}],"author":[{"embeddable":true,"href":"https:\/\/djk-asterstein.de\/index.php?rest_route=\/wp\/v2\/users\/2"}],"replies":[{"embeddable":true,"href":"https:\/\/djk-asterstein.de\/index.php?rest_route=%2Fwp%2Fv2%2Fcomments&post=17"}],"version-history":[{"count":6,"href":"https:\/\/djk-asterstein.de\/index.php?rest_route=\/wp\/v2\/pages\/17\/revisions"}],"predecessor-version":[{"id":2042,"href":"https:\/\/djk-asterstein.de\/index.php?rest_route=\/wp\/v2\/pages\/17\/revisions\/2042"}],"wp:attachment":[{"href":"https:\/\/djk-asterstein.de\/index.php?rest_route=%2Fwp%2Fv2%2Fmedia&parent=17"}],"curies":[{"name":"wp","href":"https:\/\/api.w.org\/{rel}","templated":true}]}}