{"id":11,"date":"2010-06-01T18:24:31","date_gmt":"2010-06-01T17:24:31","guid":{"rendered":"http:\/\/djk-asterstein.de\/?page_id=11"},"modified":"2023-12-26T14:23:11","modified_gmt":"2023-12-26T13:23:11","slug":"impressum","status":"publish","type":"page","link":"https:\/\/djk-asterstein.de\/?page_id=11","title":{"rendered":"Impressum"},"content":{"rendered":"<p><strong>&nbsp;<\/strong><\/p>\n<p><strong><em>Anbieter und verantwortlich f\u00fcr die Inhalte: <\/em><\/strong><\/p>\n<p>DjK Blau-Wei\u00df Asterstein e.V.<\/p>\n<p>An der Rheinhell 7<\/p>\n<p>56077 Koblenz<\/p>\n<p><strong><em>Kontakt:<\/em><\/strong><\/p>\n<p>e-Mail: info@djk-asterstein.de<br \/>\nWebsite: www.djk-asterstein.de<\/p>\n<p><strong>Vertretungsberechtigter Vorstand:<\/strong><\/p>\n<p>Michael Schmidt, 1. Vorsitzender<\/p>\n<p>Rose-Maria Olf&nbsp; 2. Vorsitzende<\/p>\n<p>Registergericht: Amtsgericht Koblenz<\/p>\n<p>Vereinsregisternummer: VR715<\/p>\n<p><strong>Haftungshinweis:<\/strong><\/p>\n<p>Alle Inhalte, wie Bilder, Texte unterliegen dem Urheberrecht. Jegliches Kopieren, Vervielf\u00e4ltigen und Verwenden von Daten der Web-Site ist ohne schriftliche Genehmigung der DJK Asterstein verboten.<\/p>\n<p>Dies gilt auch f\u00fcr die Speicherung und Vervielf\u00e4ltigung in Datenbanken und auf Datentr\u00e4gern.<\/p>\n<p>F\u00fcr alle Inhalte externer Links \u00fcbernehmen wir keine Haftung. F\u00fcr den Inhalt verlinkter Seiten sind ausschlie\u00dflich deren Betreiber verantwortlich. Jeglicher Rechts- oder Ersatzanspruch aufgrund falscher Darstellungen ist ausgeschlossen.<\/p>\n","protected":false},"excerpt":{"rendered":"<p>&nbsp; Anbieter und verantwortlich f\u00fcr die Inhalte: DjK Blau-Wei\u00df Asterstein e.V. An der Rheinhell 7 56077 Koblenz Kontakt: e-Mail: info@djk-asterstein.de Website: www.djk-asterstein.de Vertretungsberechtigter Vorstand: Michael Schmidt, 1. Vorsitzender Rose-Maria Olf&nbsp; 2. Vorsitzende Registergericht: Amtsgericht Koblenz Vereinsregisternummer: VR715 Haftungshinweis: Alle Inhalte, wie Bilder, Texte unterliegen dem Urheberrecht. Jegliches Kopieren, Vervielf\u00e4ltigen und Verwenden von Daten der Web-Site &hellip; <a href=\"https:\/\/djk-asterstein.de\/?page_id=11\" class=\"more-link\"><span class=\"screen-reader-text\">Impressum<\/span> weiterlesen <span class=\"meta-nav\">&rarr;<\/span><\/a><\/p>\n","protected":false},"author":32,"featured_media":0,"parent":0,"menu_order":1000,"comment_status":"closed","ping_status":"open","template":"","meta":{"ngg_post_thumbnail":0,"footnotes":""},"class_list":["post-11","page","type-page","status-publish","hentry"],"_links":{"self":[{"href":"https:\/\/djk-asterstein.de\/index.php?rest_route=\/wp\/v2\/pages\/11","targetHints":{"allow":["GET"]}}],"collection":[{"href":"https:\/\/djk-asterstein.de\/index.php?rest_route=\/wp\/v2\/pages"}],"about":[{"href":"https:\/\/djk-asterstein.de\/index.php?rest_route=\/wp\/v2\/types\/page"}],"author":[{"embeddable":true,"href":"https:\/\/djk-asterstein.de\/index.php?rest_route=\/wp\/v2\/users\/32"}],"replies":[{"embeddable":true,"href":"https:\/\/djk-asterstein.de\/index.php?rest_route=%2Fwp%2Fv2%2Fcomments&post=11"}],"version-history":[{"count":8,"href":"https:\/\/djk-asterstein.de\/index.php?rest_route=\/wp\/v2\/pages\/11\/revisions"}],"predecessor-version":[{"id":2258,"href":"https:\/\/djk-asterstein.de\/index.php?rest_route=\/wp\/v2\/pages\/11\/revisions\/2258"}],"wp:attachment":[{"href":"https:\/\/djk-asterstein.de\/index.php?rest_route=%2Fwp%2Fv2%2Fmedia&parent=11"}],"curies":[{"name":"wp","href":"https:\/\/api.w.org\/{rel}","templated":true}]}}