{"id":37,"date":"2022-06-20T13:17:00","date_gmt":"2022-06-20T12:17:00","guid":{"rendered":"http:\/\/djk-asterstein.de\/?page_id=37"},"modified":"2026-01-13T15:50:21","modified_gmt":"2026-01-13T14:50:21","slug":"sonstiges","status":"publish","type":"page","link":"http:\/\/djk-asterstein.de\/?page_id=37","title":{"rendered":"weitere Angebote"},"content":{"rendered":"<header class=\"entry-header\">\n<h4>Neu ab 04.02.2025<\/h4>\n<h2>Rope Skipping&nbsp; dienstags 17.30 bis 18.30 Uhr<\/h2>\n<h5 class=\"entry-title\"><strong>in der Sporthalle der \u201eS<\/strong>c<strong>hule am Bienhorntal\u201c<\/strong><\/h5>\n<h4>&nbsp;<\/h4>\n<h4>&nbsp;Seniorengymnastik<\/h4>\n<p>Neu im Programm ab dem 01.01.2023. Freitags von 16.00 bis 17.00 Uhr in der Gymnastikhalle der am &#8222;Schule am Bienhorntal&#8220;. Schon jetzt ist diese \u00dcbungsstunde seht beliebt bei unseren &#8222;Senioren&#8220;. Neue Mitglieder sind herzlich wollkommen.<\/p>\n<h4>Punk Rock Workout<\/h4>\n<h6 class=\"entry-title\"><strong>Montags und Dienstags von 18.30 bis 19.30 Uhr in der Sporthalle der \u201eS<\/strong>c<strong>hule am Bienhorntal\u201c<\/strong><\/h6>\n<\/header>\n<div class=\"entry-content\">\n<p>Bei Punk Rock Workout wird der gesamte K\u00f6rper unter Einsatz von verschiedenen Klein-Ger\u00e4ten, wie Hanteln, Physio-Band, Flexibar und Springseil auf Musik trainiert.<br \/>\nIn einfachen, wechselnden Abl\u00e4ufen werden die verschiedenen Muskelgruppen immer wieder belastet (dynamisch), aufgebaut, (Haltekraft), gedehnt und entspannt. Dabei entscheidest du immer selbst, wie intensiv das Training f\u00fcr dich wird.<\/p>\n<p>Das Workout ist eine Mischung aus unterschiedlichen Bereichen der Fitness. F\u00fcr Frauen sowie M\u00e4nner gleicherma\u00dfen attraktiv. Es f\u00f6rdert die Kondition, Koordination, Beweglichkeit und Kraftausdauer des gesamten K\u00f6rpers in einer Stunde.<\/p>\n<p>Mitbringen solltet ihr eine Isomatte, gute Turnschuhe und ausreichend zu Trinken.<\/p>\n<p>\u00dcbungsleiterin: Sonja Rosinus Informationen unter <strong>info@djk-asterstein.de<\/strong><\/p>\n<h4 class=\"entry-title\"><strong>TaiChi<\/strong><\/h4>\n<p>Mittwochs von 17.30 &#8211; 18.50 Uhr in der Turnhalle der &#8222;Schule am Bienhorntal&#8220;<\/p>\n<p>\u00dcbungsleiterin: Susanne Wolf, Tel. 0176 &#8211; 27592 100<\/p>\n<\/div>\n<h4 class=\"entry-title\"><strong>Yoga<\/strong><\/h4>\n<p>18.30 bis 20.00 Uhr in der Turnhalle der &#8222;Schule am Bienhorntal&#8220;<\/p>\n<p>\u00dcbungsleiterin: Walburga Kreikamp, Tel. 02603 &#8211; 13647<\/p>\n<h4><strong>Walking<\/strong><\/h4>\n<p>Die gesellige Walkinggruppe besteht seit Anfang 2003. Zurzeit walken 12 motivierte \u201eMitl\u00e4uferinnen\u201c, die sich donnerstags um 17:00 Uhr an der Bushaltestelle vor der Landesfeuerwehrschule, Lindenallee treffen. Verschiedene Runden stehen zur Auswahl, z.B. in Richtung Schmittenh\u00f6he, Arzheim, Pfaffendorfer H\u00f6he, Ehrenbreitstein entlang des Rheins oder durchs Bienhorntal&nbsp; usw.. Mindestens eine Steigung muss die Gruppe in Kauf nehmen. Um gro\u00dfer Hitze in der hei\u00dfen Jahreszeit zu entgehen stehen schon mal Strecken im Arzheimer Wald oder auf dem Remstecken auf dem Programm.&nbsp; Die Laufstrecken betragen zwischen 6 bis 8 Kilometern.<\/p>\n<p>Mit Dehn\u00fcbungen findet&nbsp; die Walkingrunde gegen 18:30 Uhr ihren Abschluss und jeder tritt gut gelaunt und entspannt seinen Heimweg an.<\/p>\n<p>Da die Gruppe an keine Hallen\u00f6ffnungszeiten gebunden ist, findet Walken auch in den Ferien statt.<\/p>\n<p><strong><em>Jeder, der Freude an Bewegung in frischer Luft hat, ist herzlich eingeladen mit zu walken.<\/em><\/strong><\/p>\n<p><strong>\u00dcbungsleiterin:<\/strong> Anita Sauer, Tel. 0261 \/&nbsp; 74130<\/p>\n<h4><strong>Wandern<\/strong><\/h4>\n<p>Rund um das Koblenz \u2013 Neuwieder Becken, an Rhein, Mosel und Lahn!<\/p>\n<p>Seit 30 Jahren wird im o.g. Umkreis durch so manches sch\u00f6ne Seitental gewandert. Auch die Bergesh\u00f6hen von Eifel, Hunsr\u00fcck, Westerwald und Taunus wurden nicht ausgelassen. Von dort aus konnte man sich an so manchen Panoramablick erfreuen. Ebenso wurden Burgen, alte Schl\u00f6sser, Kirchen und Kapellen an der Wanderstrecke gerne besichtigt. Bei bisher insgesamt mehr als 450 Wanderungen wurden \u00fcber 6500 Kilometer zur\u00fcckgelegt.<\/p>\n<p>Einmal monatlich treffen sich die Wanderlustigen und zwar am zweiten Donnerstag des Monats um 09:00 Uhr f\u00fcr eine Ganztagswanderung . Den genauen Termin, die Uhrzeit und den Treffpunkt, kann man ca. 10 Tage vorher im Schaukasten am Einkaufszentrum sehen. Mit einer gem\u00fctlichen Einkehr in eine sch\u00f6ne Gastwirtschaft oder eine Strau\u00dfenwirtschaft klingt der Wandertag aus.<\/p>\n<p><strong><em>Solange die F\u00fc\u00dfe tragen soll weiterhin durch Wald und Flur die Sch\u00f6nheit unserer Heimat erkundet werden. Dazu sind neue Wanderfreunde jeder Zeit &nbsp;herzlich willkommen.<\/em><\/strong><\/p>\n<p><strong>Wanderwart:<\/strong> Reimund Br\u00f6tz<\/p>\n<h4><strong>Kinderschwimmen <\/strong>( Kinder ab 5 Jahre)<\/h4>\n<p>Anf\u00e4nger und Fortgeschrittene k\u00f6nnen hier Schwimmen lernen oder verbessern. Geplant ist, die Kinder zu \u201eSeepferdchen\u201c, und&nbsp; \u201eBronze\u201c und zu f\u00fchren. Die Termine entnehmen Sie bitte dem \u00dcbungsstundenplan.&nbsp;<strong><br \/>\n<\/strong><\/p>\n<p><strong>F\u00fcr den Bronzekurs sind wieder Anmeldungen m\u00f6glich, Vorraussetzug ist Abschluss des &#8222;Seepferdchens&#8220;. <\/strong><\/p>\n<p><strong>\u00dcbungsleiterin:&nbsp;<\/strong>Sigrid Meuer&nbsp;&nbsp;&nbsp;&nbsp;&nbsp;&nbsp;&nbsp;&nbsp;&nbsp;&nbsp;&nbsp;&nbsp;&nbsp;&nbsp;&nbsp;&nbsp;&nbsp;&nbsp;&nbsp;&nbsp;&nbsp;&nbsp;&nbsp;&nbsp;&nbsp;&nbsp;&nbsp;&nbsp;&nbsp;&nbsp;&nbsp;&nbsp;&nbsp;&nbsp;&nbsp;&nbsp;&nbsp;&nbsp;&nbsp;&nbsp;&nbsp;&nbsp;&nbsp;&nbsp;&nbsp; Koblenz, 18.03.2024<\/p>\n<p>&nbsp;<\/p>\n","protected":false},"excerpt":{"rendered":"<p>Neu ab 04.02.2025 Rope Skipping&nbsp; dienstags 17.30 bis 18.30 Uhr in der Sporthalle der \u201eSchule am Bienhorntal\u201c &nbsp; &nbsp;Seniorengymnastik Neu im Programm ab dem 01.01.2023. Freitags von 16.00 bis 17.00 Uhr in der Gymnastikhalle der am &#8222;Schule am Bienhorntal&#8220;. Schon jetzt ist diese \u00dcbungsstunde seht beliebt bei unseren &#8222;Senioren&#8220;. Neue Mitglieder sind herzlich wollkommen. Punk &hellip; <a href=\"http:\/\/djk-asterstein.de\/?page_id=37\" class=\"more-link\"><span class=\"screen-reader-text\">weitere Angebote<\/span> weiterlesen <span class=\"meta-nav\">&rarr;<\/span><\/a><\/p>\n","protected":false},"author":29,"featured_media":0,"parent":21,"menu_order":15,"comment_status":"closed","ping_status":"open","template":"","meta":{"ngg_post_thumbnail":0,"footnotes":""},"class_list":["post-37","page","type-page","status-publish","hentry"],"_links":{"self":[{"href":"http:\/\/djk-asterstein.de\/index.php?rest_route=\/wp\/v2\/pages\/37","targetHints":{"allow":["GET"]}}],"collection":[{"href":"http:\/\/djk-asterstein.de\/index.php?rest_route=\/wp\/v2\/pages"}],"about":[{"href":"http:\/\/djk-asterstein.de\/index.php?rest_route=\/wp\/v2\/types\/page"}],"author":[{"embeddable":true,"href":"http:\/\/djk-asterstein.de\/index.php?rest_route=\/wp\/v2\/users\/29"}],"replies":[{"embeddable":true,"href":"http:\/\/djk-asterstein.de\/index.php?rest_route=%2Fwp%2Fv2%2Fcomments&post=37"}],"version-history":[{"count":37,"href":"http:\/\/djk-asterstein.de\/index.php?rest_route=\/wp\/v2\/pages\/37\/revisions"}],"predecessor-version":[{"id":2375,"href":"http:\/\/djk-asterstein.de\/index.php?rest_route=\/wp\/v2\/pages\/37\/revisions\/2375"}],"up":[{"embeddable":true,"href":"http:\/\/djk-asterstein.de\/index.php?rest_route=\/wp\/v2\/pages\/21"}],"wp:attachment":[{"href":"http:\/\/djk-asterstein.de\/index.php?rest_route=%2Fwp%2Fv2%2Fmedia&parent=37"}],"curies":[{"name":"wp","href":"https:\/\/api.w.org\/{rel}","templated":true}]}}