{"id":29,"date":"2010-06-19T13:16:14","date_gmt":"2010-06-19T12:16:14","guid":{"rendered":"http:\/\/djk-asterstein.de\/?page_id=29"},"modified":"2026-01-13T15:46:32","modified_gmt":"2026-01-13T14:46:32","slug":"tennis","status":"publish","type":"page","link":"http:\/\/djk-asterstein.de\/?page_id=29","title":{"rendered":"Tennis"},"content":{"rendered":"<p>&nbsp;<\/p>\n<p>Gegr\u00fcndet wurde die Tennisabteilung der DJK von Mitgliedern der Herrengymnastikgruppe \u201eVolker Nick\u201c Ende der 70er Jahre.<\/p>\n<p>Den Spielerinnen und Spielern des \u201ewei\u00dfen Sports\u201c steht heute eine Zwei-Platz-Anlage mit einem schmucken Clubheim mit gro\u00dfer Au\u00dfenterrasse in landschaftlich herrlicher Lage zur Verf\u00fcgung.<\/p>\n<p>Gespielt werden kann t\u00e4glich \u2013 ohne Zeiteinschr\u00e4nkung &#8211; und dabei an der frischen Luft so richtig Sauerstoff tanken!<\/p>\n<p>Auch das \u201eKr\u00e4ftemessen\u201c mit Tennismannschaften anderer Vereine kommt nicht zu kurz.&nbsp;<\/p>\n<p>Neben dem Sport kommt auch die Geselligkeit nicht zu kurz. Dazu bietet das Clubheim reichlich Gelegenheit.<\/p>\n<p><strong><em>Neue Mitglieder sind herzlich willkommen.<\/em><\/strong><\/p>\n<p><strong>&nbsp;<\/strong><\/p>\n<p>Michael Schmidt<\/p>\n<p>1. Vorsitzender<\/p>\n<p>An der Rheinhell 7<\/p>\n<p>56077 Koblenz<br \/>\nTel. 0261 703255<br \/>\n<a href=\"mailto:mibea_schmidt@t-online.de\">mibea-schmidt@t-online.de<\/a><\/p>\n<p>&nbsp;<\/p>\n<div>&nbsp;<\/div>\n<div>&nbsp;<\/div>\n<p><span style=\"font-family: arial, helvetica, sans-serif; color: #000000;\">&nbsp;<\/span><\/p>\n<p>&nbsp;<\/p>\n<p>&nbsp;<\/p>\n","protected":false},"excerpt":{"rendered":"<p>&nbsp; Gegr\u00fcndet wurde die Tennisabteilung der DJK von Mitgliedern der Herrengymnastikgruppe \u201eVolker Nick\u201c Ende der 70er Jahre. Den Spielerinnen und Spielern des \u201ewei\u00dfen Sports\u201c steht heute eine Zwei-Platz-Anlage mit einem schmucken Clubheim mit gro\u00dfer Au\u00dfenterrasse in landschaftlich herrlicher Lage zur Verf\u00fcgung. Gespielt werden kann t\u00e4glich \u2013 ohne Zeiteinschr\u00e4nkung &#8211; und dabei an der frischen Luft &hellip; <a href=\"http:\/\/djk-asterstein.de\/?page_id=29\" class=\"more-link\"><span class=\"screen-reader-text\">Tennis<\/span> weiterlesen <span class=\"meta-nav\">&rarr;<\/span><\/a><\/p>\n","protected":false},"author":2,"featured_media":0,"parent":21,"menu_order":0,"comment_status":"closed","ping_status":"open","template":"","meta":{"ngg_post_thumbnail":0,"footnotes":""},"class_list":["post-29","page","type-page","status-publish","hentry"],"_links":{"self":[{"href":"http:\/\/djk-asterstein.de\/index.php?rest_route=\/wp\/v2\/pages\/29","targetHints":{"allow":["GET"]}}],"collection":[{"href":"http:\/\/djk-asterstein.de\/index.php?rest_route=\/wp\/v2\/pages"}],"about":[{"href":"http:\/\/djk-asterstein.de\/index.php?rest_route=\/wp\/v2\/types\/page"}],"author":[{"embeddable":true,"href":"http:\/\/djk-asterstein.de\/index.php?rest_route=\/wp\/v2\/users\/2"}],"replies":[{"embeddable":true,"href":"http:\/\/djk-asterstein.de\/index.php?rest_route=%2Fwp%2Fv2%2Fcomments&post=29"}],"version-history":[{"count":9,"href":"http:\/\/djk-asterstein.de\/index.php?rest_route=\/wp\/v2\/pages\/29\/revisions"}],"predecessor-version":[{"id":2373,"href":"http:\/\/djk-asterstein.de\/index.php?rest_route=\/wp\/v2\/pages\/29\/revisions\/2373"}],"up":[{"embeddable":true,"href":"http:\/\/djk-asterstein.de\/index.php?rest_route=\/wp\/v2\/pages\/21"}],"wp:attachment":[{"href":"http:\/\/djk-asterstein.de\/index.php?rest_route=%2Fwp%2Fv2%2Fmedia&parent=29"}],"curies":[{"name":"wp","href":"https:\/\/api.w.org\/{rel}","templated":true}]}}