{"id":25,"date":"2010-06-19T13:11:56","date_gmt":"2010-06-19T12:11:56","guid":{"rendered":"http:\/\/djk-asterstein.de\/?page_id=25"},"modified":"2023-02-06T17:03:22","modified_gmt":"2023-02-06T16:03:22","slug":"tischtennis","status":"publish","type":"page","link":"http:\/\/djk-asterstein.de\/?page_id=25","title":{"rendered":"Tischtennis"},"content":{"rendered":"<p>&nbsp;<\/p>\n<p>Wird seit mehr als 100 Jahren in Europa vereinsm\u00e4\u00dfig gespielt. Seit 1988 ist Tischtennis auch olympisch.<\/p>\n<p>Die DJK Blau &#8211; Weiss Asterstein bietet Tischtennis und Pingpong-Begeisterten seit nunmehr fast 20 Jahren diese Sportart an. Sei es als Eingangssport zum Leistungssport, sei es als Angebot f\u00fcr die Freizeitsportler; vom Anf\u00e4nger &#8211; als Bambinispieler bis zum Seniorenfreizeitspieler &#8211; k\u00f6nnen alle miteinander und auch gegeneinander ihre spielerischen Qualit\u00e4ten messen. Der Altersbogen der Mitglieder spannt sich von unter 10 bis weit \u00fcber 70 Jahre. Im Kreis Koblenz &#8211; Neuwied sind wir im Wettbewerb mit Jugend- und Freizeitmannschaften vertreten.<\/p>\n<p><b>Abteilungsleiter Tischtennis:<\/b> Alex Dick, Tel. 0157-82502241<\/p>\n<p><strong>\u00dcbungsleiter:<\/strong> Oliver Wulff, Tel. 0160 &#8211; 4079253<\/p>\n<p>&nbsp;<\/p>\n","protected":false},"excerpt":{"rendered":"<p>&nbsp; Wird seit mehr als 100 Jahren in Europa vereinsm\u00e4\u00dfig gespielt. Seit 1988 ist Tischtennis auch olympisch. Die DJK Blau &#8211; Weiss Asterstein bietet Tischtennis und Pingpong-Begeisterten seit nunmehr fast 20 Jahren diese Sportart an. Sei es als Eingangssport zum Leistungssport, sei es als Angebot f\u00fcr die Freizeitsportler; vom Anf\u00e4nger &#8211; als Bambinispieler bis zum &hellip; <a href=\"http:\/\/djk-asterstein.de\/?page_id=25\" class=\"more-link\"><span class=\"screen-reader-text\">Tischtennis<\/span> weiterlesen <span class=\"meta-nav\">&rarr;<\/span><\/a><\/p>\n","protected":false},"author":2,"featured_media":0,"parent":21,"menu_order":0,"comment_status":"closed","ping_status":"open","template":"","meta":{"ngg_post_thumbnail":0,"footnotes":""},"class_list":["post-25","page","type-page","status-publish","hentry"],"_links":{"self":[{"href":"http:\/\/djk-asterstein.de\/index.php?rest_route=\/wp\/v2\/pages\/25","targetHints":{"allow":["GET"]}}],"collection":[{"href":"http:\/\/djk-asterstein.de\/index.php?rest_route=\/wp\/v2\/pages"}],"about":[{"href":"http:\/\/djk-asterstein.de\/index.php?rest_route=\/wp\/v2\/types\/page"}],"author":[{"embeddable":true,"href":"http:\/\/djk-asterstein.de\/index.php?rest_route=\/wp\/v2\/users\/2"}],"replies":[{"embeddable":true,"href":"http:\/\/djk-asterstein.de\/index.php?rest_route=%2Fwp%2Fv2%2Fcomments&post=25"}],"version-history":[{"count":12,"href":"http:\/\/djk-asterstein.de\/index.php?rest_route=\/wp\/v2\/pages\/25\/revisions"}],"predecessor-version":[{"id":2175,"href":"http:\/\/djk-asterstein.de\/index.php?rest_route=\/wp\/v2\/pages\/25\/revisions\/2175"}],"up":[{"embeddable":true,"href":"http:\/\/djk-asterstein.de\/index.php?rest_route=\/wp\/v2\/pages\/21"}],"wp:attachment":[{"href":"http:\/\/djk-asterstein.de\/index.php?rest_route=%2Fwp%2Fv2%2Fmedia&parent=25"}],"curies":[{"name":"wp","href":"https:\/\/api.w.org\/{rel}","templated":true}]}}